{"id":4045,"date":"2022-08-17T11:24:37","date_gmt":"2022-08-17T15:24:37","guid":{"rendered":"https:\/\/05bc1907-483f-4372-9af9-9bed2aa81b0b.cc10.conves.io\/?post_type=product&#038;p=4045"},"modified":"2026-02-25T10:07:29","modified_gmt":"2026-02-25T15:07:29","slug":"life-size-cutouts","status":"publish","type":"product","link":"https:\/\/atwaterclubprint.com\/fr\/produit\/life-size-cutouts\/","title":{"rendered":"D\u00e9coupes grandeur naturelle"},"content":{"rendered":"","protected":false},"excerpt":{"rendered":"<p>Les d\u00e9coupes de carton sont faites sur mesure \u00e0 partir de votre photo et sont parfaites pour toutes les occasions. Nous prenons votre photo et cr\u00e9ons un panneau d\u00e9coup\u00e9 grandeur nature.<\/p>","protected":false},"featured_media":3034,"template":"","meta":{"_acf_changed":false,"site-sidebar-layout":"default","site-content-layout":"default","ast-site-content-layout":"default","site-content-style":"default","site-sidebar-style":"default","ast-global-header-display":"","ast-banner-title-visibility":"","ast-main-header-display":"","ast-hfb-above-header-display":"","ast-hfb-below-header-display":"","ast-hfb-mobile-header-display":"","site-post-title":"","ast-breadcrumbs-content":"","ast-featured-img":"","footer-sml-layout":"","ast-disable-related-posts":"","theme-transparent-header-meta":"default","adv-header-id-meta":"","stick-header-meta":"","header-above-stick-meta":"","header-main-stick-meta":"","header-below-stick-meta":"","astra-migrate-meta-layouts":"set","ast-page-background-enabled":"default","ast-page-background-meta":{"desktop":{"background-color":"var(--ast-global-color-4)","background-image":"","background-repeat":"repeat","background-position":"center center","background-size":"auto","background-attachment":"scroll","background-type":"","background-media":"","overlay-type":"","overlay-color":"","overlay-opacity":"","overlay-gradient":""},"tablet":{"background-color":"","background-image":"","background-repeat":"repeat","background-position":"center center","background-size":"auto","background-attachment":"scroll","background-type":"","background-media":"","overlay-type":"","overlay-color":"","overlay-opacity":"","overlay-gradient":""},"mobile":{"background-color":"","background-image":"","background-repeat":"repeat","background-position":"center center","background-size":"auto","background-attachment":"scroll","background-type":"","background-media":"","overlay-type":"","overlay-color":"","overlay-opacity":"","overlay-gradient":""}},"ast-content-background-meta":{"desktop":{"background-color":"var(--ast-global-color-5)","background-image":"","background-repeat":"repeat","background-position":"center center","background-size":"auto","background-attachment":"scroll","background-type":"","background-media":"","overlay-type":"","overlay-color":"","overlay-opacity":"","overlay-gradient":""},"tablet":{"background-color":"var(--ast-global-color-5)","background-image":"","background-repeat":"repeat","background-position":"center center","background-size":"auto","background-attachment":"scroll","background-type":"","background-media":"","overlay-type":"","overlay-color":"","overlay-opacity":"","overlay-gradient":""},"mobile":{"background-color":"var(--ast-global-color-5)","background-image":"","background-repeat":"repeat","background-position":"center center","background-size":"auto","background-attachment":"scroll","background-type":"","background-media":"","overlay-type":"","overlay-color":"","overlay-opacity":"","overlay-gradient":""}}},"product_brand":[],"product_cat":[36],"product_tag":[],"class_list":{"0":"post-4045","1":"product","2":"type-product","3":"status-publish","4":"has-post-thumbnail","6":"product_cat-products","7":"desktop-align-left","8":"tablet-align-left","9":"mobile-align-left","11":"first","12":"instock","13":"sold-individually","14":"taxable","15":"shipping-taxable","16":"purchasable","17":"product-type-simple"},"acf":[],"yoast_head":"<!-- This site is optimized with the Yoast SEO plugin v27.2 - https:\/\/yoast.com\/product\/yoast-seo-wordpress\/ -->\n<title>Life Size Cutouts - PMG DESIGN &amp; PRINT<\/title>\n<meta name=\"description\" content=\"Cardboard cutouts custom made from your photo and are perfect for every occasion. We take your photo and create a life size cutout sign.\" \/>\n<meta name=\"robots\" content=\"index, follow, max-snippet:-1, max-image-preview:large, max-video-preview:-1\" \/>\n<link rel=\"canonical\" href=\"https:\/\/05bc1907-483f-4372-9af9-9bed2aa81b0b.cc10.conves.io\/product\/life-size-cutouts\/\" \/>\n<meta property=\"og:locale\" content=\"fr_CA\" \/>\n<meta property=\"og:type\" content=\"article\" \/>\n<meta property=\"og:title\" content=\"Life Size Cutouts - PMG DESIGN &amp; PRINT\" \/>\n<meta property=\"og:description\" content=\"Cardboard cutouts custom made from your photo and are perfect for every occasion. We take your photo and create a life size cutout sign.\" \/>\n<meta property=\"og:url\" content=\"https:\/\/05bc1907-483f-4372-9af9-9bed2aa81b0b.cc10.conves.io\/product\/life-size-cutouts\/\" \/>\n<meta property=\"og:site_name\" content=\"PMG DESIGN &amp; PRINT\" \/>\n<meta property=\"article:modified_time\" content=\"2026-02-25T15:07:29+00:00\" \/>\n<meta property=\"og:image\" content=\"https:\/\/05bc1907-483f-4372-9af9-9bed2aa81b0b.cc10.conves.io\/wp-content\/uploads\/2022\/08\/LIFE-SIZE-CUTOUT.jpg\" \/>\n\t<meta property=\"og:image:width\" content=\"370\" \/>\n\t<meta property=\"og:image:height\" content=\"501\" \/>\n\t<meta property=\"og:image:type\" content=\"image\/jpeg\" \/>\n<meta name=\"twitter:card\" content=\"summary_large_image\" \/>\n<meta name=\"twitter:label1\" content=\"Estimation du temps de lecture\" \/>\n\t<meta name=\"twitter:data1\" content=\"1 minute\" \/>\n<script type=\"application\/ld+json\" class=\"yoast-schema-graph\">{\"@context\":\"https:\/\/schema.org\",\"@graph\":[{\"@type\":\"WebPage\",\"@id\":\"https:\/\/05bc1907-483f-4372-9af9-9bed2aa81b0b.cc10.conves.io\/product\/life-size-cutouts\/\",\"url\":\"https:\/\/05bc1907-483f-4372-9af9-9bed2aa81b0b.cc10.conves.io\/product\/life-size-cutouts\/\",\"name\":\"Life Size Cutouts - PMG DESIGN &amp; PRINT\",\"isPartOf\":{\"@id\":\"https:\/\/05bc1907-483f-4372-9af9-9bed2aa81b0b.cc10.conves.io\/en\/#website\"},\"primaryImageOfPage\":{\"@id\":\"https:\/\/05bc1907-483f-4372-9af9-9bed2aa81b0b.cc10.conves.io\/product\/life-size-cutouts\/#primaryimage\"},\"image\":{\"@id\":\"https:\/\/05bc1907-483f-4372-9af9-9bed2aa81b0b.cc10.conves.io\/product\/life-size-cutouts\/#primaryimage\"},\"thumbnailUrl\":\"https:\/\/atwaterclubprint.com\/wp-content\/uploads\/2022\/08\/LIFE-SIZE-CUTOUT.jpg\",\"datePublished\":\"2022-08-17T15:24:37+00:00\",\"dateModified\":\"2026-02-25T15:07:29+00:00\",\"breadcrumb\":{\"@id\":\"https:\/\/05bc1907-483f-4372-9af9-9bed2aa81b0b.cc10.conves.io\/product\/life-size-cutouts\/#breadcrumb\"},\"inLanguage\":\"fr-CA\",\"potentialAction\":[{\"@type\":\"ReadAction\",\"target\":[\"https:\/\/05bc1907-483f-4372-9af9-9bed2aa81b0b.cc10.conves.io\/product\/life-size-cutouts\/\"]}]},{\"@type\":\"ImageObject\",\"inLanguage\":\"fr-CA\",\"@id\":\"https:\/\/05bc1907-483f-4372-9af9-9bed2aa81b0b.cc10.conves.io\/product\/life-size-cutouts\/#primaryimage\",\"url\":\"https:\/\/atwaterclubprint.com\/wp-content\/uploads\/2022\/08\/LIFE-SIZE-CUTOUT.jpg\",\"contentUrl\":\"https:\/\/atwaterclubprint.com\/wp-content\/uploads\/2022\/08\/LIFE-SIZE-CUTOUT.jpg\",\"width\":370,\"height\":501},{\"@type\":\"BreadcrumbList\",\"@id\":\"https:\/\/05bc1907-483f-4372-9af9-9bed2aa81b0b.cc10.conves.io\/product\/life-size-cutouts\/#breadcrumb\",\"itemListElement\":[{\"@type\":\"ListItem\",\"position\":1,\"name\":\"Home\",\"item\":\"https:\/\/05bc1907-483f-4372-9af9-9bed2aa81b0b.cc10.conves.io\/\"},{\"@type\":\"ListItem\",\"position\":2,\"name\":\"Protected: Shop\",\"item\":\"https:\/\/05bc1907-483f-4372-9af9-9bed2aa81b0b.cc10.conves.io\/en\/shop\/\"},{\"@type\":\"ListItem\",\"position\":3,\"name\":\"Life Size Cutouts\"}]},{\"@type\":\"WebSite\",\"@id\":\"https:\/\/05bc1907-483f-4372-9af9-9bed2aa81b0b.cc10.conves.io\/en\/#website\",\"url\":\"https:\/\/05bc1907-483f-4372-9af9-9bed2aa81b0b.cc10.conves.io\/en\/\",\"name\":\"PMG DESIGN &amp; PRINT\",\"description\":\"LET US DESIGN AND PRINT EVERYTHING YOU NEED FOR YOUR SPECIAL DAY. SPEAK WITH AN EVENT DESIGN DIRECTOR TODAY\",\"publisher\":{\"@id\":\"https:\/\/05bc1907-483f-4372-9af9-9bed2aa81b0b.cc10.conves.io\/en\/#organization\"},\"potentialAction\":[{\"@type\":\"SearchAction\",\"target\":{\"@type\":\"EntryPoint\",\"urlTemplate\":\"https:\/\/05bc1907-483f-4372-9af9-9bed2aa81b0b.cc10.conves.io\/en\/?s={search_term_string}\"},\"query-input\":{\"@type\":\"PropertyValueSpecification\",\"valueRequired\":true,\"valueName\":\"search_term_string\"}}],\"inLanguage\":\"fr-CA\"},{\"@type\":\"Organization\",\"@id\":\"https:\/\/05bc1907-483f-4372-9af9-9bed2aa81b0b.cc10.conves.io\/en\/#organization\",\"name\":\"PMG DESIGN &amp; PRINT\",\"url\":\"https:\/\/05bc1907-483f-4372-9af9-9bed2aa81b0b.cc10.conves.io\/en\/\",\"logo\":{\"@type\":\"ImageObject\",\"inLanguage\":\"fr-CA\",\"@id\":\"https:\/\/05bc1907-483f-4372-9af9-9bed2aa81b0b.cc10.conves.io\/en\/#\/schema\/logo\/image\/\",\"url\":\"https:\/\/atwaterclubprint.com\/wp-content\/uploads\/2022\/01\/PMG-PRINT-LOGO-WHITE.png\",\"contentUrl\":\"https:\/\/atwaterclubprint.com\/wp-content\/uploads\/2022\/01\/PMG-PRINT-LOGO-WHITE.png\",\"width\":2278,\"height\":630,\"caption\":\"PMG DESIGN &amp; PRINT\"},\"image\":{\"@id\":\"https:\/\/05bc1907-483f-4372-9af9-9bed2aa81b0b.cc10.conves.io\/en\/#\/schema\/logo\/image\/\"}}]}<\/script>\n<!-- \/ Yoast SEO plugin. -->","yoast_head_json":{"title":"Life Size Cutouts - PMG DESIGN &amp; PRINT","description":"Les d\u00e9coupes de carton sont faites sur mesure \u00e0 partir de votre photo et sont parfaites pour toutes les occasions. Nous prenons votre photo et cr\u00e9ons un panneau d\u00e9coup\u00e9 grandeur nature.","robots":{"index":"index","follow":"follow","max-snippet":"max-snippet:-1","max-image-preview":"max-image-preview:large","max-video-preview":"max-video-preview:-1"},"canonical":"https:\/\/05bc1907-483f-4372-9af9-9bed2aa81b0b.cc10.conves.io\/product\/life-size-cutouts\/","og_locale":"fr_CA","og_type":"article","og_title":"Life Size Cutouts - PMG DESIGN &amp; PRINT","og_description":"Cardboard cutouts custom made from your photo and are perfect for every occasion. We take your photo and create a life size cutout sign.","og_url":"https:\/\/05bc1907-483f-4372-9af9-9bed2aa81b0b.cc10.conves.io\/product\/life-size-cutouts\/","og_site_name":"PMG DESIGN &amp; PRINT","article_modified_time":"2026-02-25T15:07:29+00:00","og_image":[{"width":370,"height":501,"url":"https:\/\/05bc1907-483f-4372-9af9-9bed2aa81b0b.cc10.conves.io\/wp-content\/uploads\/2022\/08\/LIFE-SIZE-CUTOUT.jpg","type":"image\/jpeg"}],"twitter_card":"summary_large_image","twitter_misc":{"Estimation du temps de lecture":"1 minute"},"schema":{"@context":"https:\/\/schema.org","@graph":[{"@type":"WebPage","@id":"https:\/\/05bc1907-483f-4372-9af9-9bed2aa81b0b.cc10.conves.io\/product\/life-size-cutouts\/","url":"https:\/\/05bc1907-483f-4372-9af9-9bed2aa81b0b.cc10.conves.io\/product\/life-size-cutouts\/","name":"Life Size Cutouts - PMG DESIGN &amp; PRINT","isPartOf":{"@id":"https:\/\/05bc1907-483f-4372-9af9-9bed2aa81b0b.cc10.conves.io\/en\/#website"},"primaryImageOfPage":{"@id":"https:\/\/05bc1907-483f-4372-9af9-9bed2aa81b0b.cc10.conves.io\/product\/life-size-cutouts\/#primaryimage"},"image":{"@id":"https:\/\/05bc1907-483f-4372-9af9-9bed2aa81b0b.cc10.conves.io\/product\/life-size-cutouts\/#primaryimage"},"thumbnailUrl":"https:\/\/atwaterclubprint.com\/wp-content\/uploads\/2022\/08\/LIFE-SIZE-CUTOUT.jpg","datePublished":"2022-08-17T15:24:37+00:00","dateModified":"2026-02-25T15:07:29+00:00","breadcrumb":{"@id":"https:\/\/05bc1907-483f-4372-9af9-9bed2aa81b0b.cc10.conves.io\/product\/life-size-cutouts\/#breadcrumb"},"inLanguage":"fr-CA","potentialAction":[{"@type":"ReadAction","target":["https:\/\/05bc1907-483f-4372-9af9-9bed2aa81b0b.cc10.conves.io\/product\/life-size-cutouts\/"]}]},{"@type":"ImageObject","inLanguage":"fr-CA","@id":"https:\/\/05bc1907-483f-4372-9af9-9bed2aa81b0b.cc10.conves.io\/product\/life-size-cutouts\/#primaryimage","url":"https:\/\/atwaterclubprint.com\/wp-content\/uploads\/2022\/08\/LIFE-SIZE-CUTOUT.jpg","contentUrl":"https:\/\/atwaterclubprint.com\/wp-content\/uploads\/2022\/08\/LIFE-SIZE-CUTOUT.jpg","width":370,"height":501},{"@type":"BreadcrumbList","@id":"https:\/\/05bc1907-483f-4372-9af9-9bed2aa81b0b.cc10.conves.io\/product\/life-size-cutouts\/#breadcrumb","itemListElement":[{"@type":"ListItem","position":1,"name":"Home","item":"https:\/\/05bc1907-483f-4372-9af9-9bed2aa81b0b.cc10.conves.io\/"},{"@type":"ListItem","position":2,"name":"Protected: Shop","item":"https:\/\/05bc1907-483f-4372-9af9-9bed2aa81b0b.cc10.conves.io\/en\/shop\/"},{"@type":"ListItem","position":3,"name":"Life Size Cutouts"}]},{"@type":"WebSite","@id":"https:\/\/05bc1907-483f-4372-9af9-9bed2aa81b0b.cc10.conves.io\/en\/#website","url":"https:\/\/05bc1907-483f-4372-9af9-9bed2aa81b0b.cc10.conves.io\/en\/","name":"PMG DESIGN &amp; PRINT","description":"LET US DESIGN AND PRINT EVERYTHING YOU NEED FOR YOUR SPECIAL DAY. SPEAK WITH AN EVENT DESIGN DIRECTOR TODAY","publisher":{"@id":"https:\/\/05bc1907-483f-4372-9af9-9bed2aa81b0b.cc10.conves.io\/en\/#organization"},"potentialAction":[{"@type":"SearchAction","target":{"@type":"EntryPoint","urlTemplate":"https:\/\/05bc1907-483f-4372-9af9-9bed2aa81b0b.cc10.conves.io\/en\/?s={search_term_string}"},"query-input":{"@type":"PropertyValueSpecification","valueRequired":true,"valueName":"search_term_string"}}],"inLanguage":"fr-CA"},{"@type":"Organization","@id":"https:\/\/05bc1907-483f-4372-9af9-9bed2aa81b0b.cc10.conves.io\/en\/#organization","name":"PMG DESIGN &amp; PRINT","url":"https:\/\/05bc1907-483f-4372-9af9-9bed2aa81b0b.cc10.conves.io\/en\/","logo":{"@type":"ImageObject","inLanguage":"fr-CA","@id":"https:\/\/05bc1907-483f-4372-9af9-9bed2aa81b0b.cc10.conves.io\/en\/#\/schema\/logo\/image\/","url":"https:\/\/atwaterclubprint.com\/wp-content\/uploads\/2022\/01\/PMG-PRINT-LOGO-WHITE.png","contentUrl":"https:\/\/atwaterclubprint.com\/wp-content\/uploads\/2022\/01\/PMG-PRINT-LOGO-WHITE.png","width":2278,"height":630,"caption":"PMG DESIGN &amp; PRINT"},"image":{"@id":"https:\/\/05bc1907-483f-4372-9af9-9bed2aa81b0b.cc10.conves.io\/en\/#\/schema\/logo\/image\/"}}]}},"_links":{"self":[{"href":"https:\/\/atwaterclubprint.com\/fr\/wp-json\/wp\/v2\/product\/4045","targetHints":{"allow":["GET"]}}],"collection":[{"href":"https:\/\/atwaterclubprint.com\/fr\/wp-json\/wp\/v2\/product"}],"about":[{"href":"https:\/\/atwaterclubprint.com\/fr\/wp-json\/wp\/v2\/types\/product"}],"version-history":[{"count":1,"href":"https:\/\/atwaterclubprint.com\/fr\/wp-json\/wp\/v2\/product\/4045\/revisions"}],"predecessor-version":[{"id":9600,"href":"https:\/\/atwaterclubprint.com\/fr\/wp-json\/wp\/v2\/product\/4045\/revisions\/9600"}],"wp:featuredmedia":[{"embeddable":true,"href":"https:\/\/atwaterclubprint.com\/fr\/wp-json\/wp\/v2\/media\/3034"}],"wp:attachment":[{"href":"https:\/\/atwaterclubprint.com\/fr\/wp-json\/wp\/v2\/media?parent=4045"}],"wp:term":[{"taxonomy":"product_brand","embeddable":true,"href":"https:\/\/atwaterclubprint.com\/fr\/wp-json\/wp\/v2\/product_brand?post=4045"},{"taxonomy":"product_cat","embeddable":true,"href":"https:\/\/atwaterclubprint.com\/fr\/wp-json\/wp\/v2\/product_cat?post=4045"},{"taxonomy":"product_tag","embeddable":true,"href":"https:\/\/atwaterclubprint.com\/fr\/wp-json\/wp\/v2\/product_tag?post=4045"}],"curies":[{"name":"wp","href":"https:\/\/api.w.org\/{rel}","templated":true}]}}